{"id":284,"date":"2026-02-24T11:56:35","date_gmt":"2026-02-24T11:56:35","guid":{"rendered":"https:\/\/adoring-bose.104-248-40-33.plesk.page\/?page_id=284"},"modified":"2026-04-03T12:19:04","modified_gmt":"2026-04-03T12:19:04","slug":"fabbrica-it","status":"publish","type":"page","link":"https:\/\/adoring-bose.104-248-40-33.plesk.page\/?page_id=284","title":{"rendered":"Fabbrica &#8211; IT"},"content":{"rendered":"\t\t<div data-elementor-type=\"wp-page\" data-elementor-id=\"284\" class=\"elementor elementor-284\" data-elementor-post-type=\"page\">\n\t\t\t\t<div class=\"elementor-element elementor-element-2376f4d e-flex e-con-boxed e-con e-parent\" data-id=\"2376f4d\" data-element_type=\"container\" data-e-type=\"container\" data-settings=\"{&quot;background_background&quot;:&quot;classic&quot;}\">\n\t\t\t\t\t<div class=\"e-con-inner\">\n\t\t\t\t<div class=\"elementor-element elementor-element-e59c026 elementor-widget elementor-widget-image\" data-id=\"e59c026\" data-element_type=\"widget\" data-e-type=\"widget\" data-widget_type=\"image.default\">\n\t\t\t\t\t\t\t\t\t\t\t\t\t\t\t<img fetchpriority=\"high\" decoding=\"async\" width=\"2560\" height=\"1707\" src=\"https:\/\/adoring-bose.104-248-40-33.plesk.page\/wp-content\/uploads\/2026\/02\/DSC_0527-scaled.jpg\" class=\"attachment-full size-full wp-image-265\" alt=\"\" srcset=\"https:\/\/adoring-bose.104-248-40-33.plesk.page\/wp-content\/uploads\/2026\/02\/DSC_0527-scaled.jpg 2560w, https:\/\/adoring-bose.104-248-40-33.plesk.page\/wp-content\/uploads\/2026\/02\/DSC_0527-300x200.jpg 300w, https:\/\/adoring-bose.104-248-40-33.plesk.page\/wp-content\/uploads\/2026\/02\/DSC_0527-1024x683.jpg 1024w, https:\/\/adoring-bose.104-248-40-33.plesk.page\/wp-content\/uploads\/2026\/02\/DSC_0527-768x512.jpg 768w, https:\/\/adoring-bose.104-248-40-33.plesk.page\/wp-content\/uploads\/2026\/02\/DSC_0527-1536x1024.jpg 1536w, https:\/\/adoring-bose.104-248-40-33.plesk.page\/wp-content\/uploads\/2026\/02\/DSC_0527-2048x1365.jpg 2048w\" sizes=\"(max-width: 2560px) 100vw, 2560px\" \/>\t\t\t\t\t\t\t\t\t\t\t\t\t\t\t<\/div>\n\t\t\t\t\t<\/div>\n\t\t\t\t<\/div>\n\t\t<div class=\"elementor-element elementor-element-62a7002 e-flex e-con-boxed e-con e-parent\" data-id=\"62a7002\" data-element_type=\"container\" data-e-type=\"container\">\n\t\t\t\t\t<div class=\"e-con-inner\">\n\t\t\t\t<div class=\"elementor-element elementor-element-37bad30 elementor-widget elementor-widget-text-editor\" data-id=\"37bad30\" data-element_type=\"widget\" data-e-type=\"widget\" data-widget_type=\"text-editor.default\">\n\t\t\t\t\t\t\t\t\t<p>Bubble Bev \u00e8 un co-manufacter indipendente di bevande con sede in Piemonte, Italia. Dal 2021 sviluppiamo e produciamo bevande per aziende e marchi di tutte le dimensioni, combinando competenza tecnica con un approccio flessibile.<\/p><p>Il nostro stabilimento (a Lessona, in provincia di Biella) si sviluppa su una superficie di circa 12.000 mq ed ospita, oltre alle 4 linee di produzione, un magazzino di carico, uno di scarico e gli uffici direzionali ed amministrativi.<\/p><p>Qui lavoriamo ogni giorno per garantire la massima qualit\u00e0 possibile delle materie prime ed offrire la flessibilit\u00e0 utile ai nostri clienti per affrontare la propria sfida riducendo al minimo le difficolt\u00e0.<\/p>\t\t\t\t\t\t\t\t<\/div>\n\t\t\t\t<div class=\"elementor-element elementor-element-02fcfdd elementor-widget elementor-widget-text-editor\" data-id=\"02fcfdd\" data-element_type=\"widget\" data-e-type=\"widget\" data-widget_type=\"text-editor.default\">\n\t\t\t\t\t\t\t\t\t<p>Dall\u2019expertise tecnica alla produzione industriale, trasformiamo ogni progetto in una bevanda pronta per il mercato.<\/p>\t\t\t\t\t\t\t\t<\/div>\n\t\t\t\t\t<\/div>\n\t\t\t\t<\/div>\n\t\t\t\t<\/div>\n\t\t","protected":false},"excerpt":{"rendered":"<p>Bubble Bev \u00e8 un co-manufacter indipendente di bevande con sede in Piemonte, Italia. Dal 2021 sviluppiamo e produciamo bevande per aziende e marchi di tutte le dimensioni, combinando competenza tecnica con un approccio flessibile. Il nostro stabilimento (a Lessona, in provincia di Biella) si sviluppa su una superficie di circa 12.000 mq ed ospita, oltre [&hellip;]<\/p>\n","protected":false},"author":1,"featured_media":0,"parent":0,"menu_order":0,"comment_status":"closed","ping_status":"closed","template":"elementor_header_footer","meta":{"footnotes":""},"class_list":["post-284","page","type-page","status-publish","hentry","entry"],"_links":{"self":[{"href":"https:\/\/adoring-bose.104-248-40-33.plesk.page\/index.php?rest_route=\/wp\/v2\/pages\/284","targetHints":{"allow":["GET"]}}],"collection":[{"href":"https:\/\/adoring-bose.104-248-40-33.plesk.page\/index.php?rest_route=\/wp\/v2\/pages"}],"about":[{"href":"https:\/\/adoring-bose.104-248-40-33.plesk.page\/index.php?rest_route=\/wp\/v2\/types\/page"}],"author":[{"embeddable":true,"href":"https:\/\/adoring-bose.104-248-40-33.plesk.page\/index.php?rest_route=\/wp\/v2\/users\/1"}],"replies":[{"embeddable":true,"href":"https:\/\/adoring-bose.104-248-40-33.plesk.page\/index.php?rest_route=%2Fwp%2Fv2%2Fcomments&post=284"}],"version-history":[{"count":59,"href":"https:\/\/adoring-bose.104-248-40-33.plesk.page\/index.php?rest_route=\/wp\/v2\/pages\/284\/revisions"}],"predecessor-version":[{"id":1430,"href":"https:\/\/adoring-bose.104-248-40-33.plesk.page\/index.php?rest_route=\/wp\/v2\/pages\/284\/revisions\/1430"}],"wp:attachment":[{"href":"https:\/\/adoring-bose.104-248-40-33.plesk.page\/index.php?rest_route=%2Fwp%2Fv2%2Fmedia&parent=284"}],"curies":[{"name":"wp","href":"https:\/\/api.w.org\/{rel}","templated":true}]}}