{"id":290,"date":"2026-02-24T11:57:59","date_gmt":"2026-02-24T11:57:59","guid":{"rendered":"https:\/\/adoring-bose.104-248-40-33.plesk.page\/?page_id=290"},"modified":"2026-04-03T13:13:38","modified_gmt":"2026-04-03T13:13:38","slug":"home-it","status":"publish","type":"page","link":"https:\/\/adoring-bose.104-248-40-33.plesk.page\/","title":{"rendered":"Home &#8211; IT"},"content":{"rendered":"\t\t<div data-elementor-type=\"wp-page\" data-elementor-id=\"290\" class=\"elementor elementor-290\" data-elementor-post-type=\"page\">\n\t\t\t\t<div class=\"elementor-element elementor-element-62a7002 e-flex e-con-boxed e-con e-parent\" data-id=\"62a7002\" data-element_type=\"container\" data-e-type=\"container\">\n\t\t\t\t\t<div class=\"e-con-inner\">\n\t\t\t\t<div class=\"elementor-element elementor-element-b0c670c elementor-widget elementor-widget-image\" data-id=\"b0c670c\" data-element_type=\"widget\" data-e-type=\"widget\" data-widget_type=\"image.default\">\n\t\t\t\t\t\t\t\t\t\t\t\t\t\t\t<img fetchpriority=\"high\" decoding=\"async\" width=\"1024\" height=\"116\" src=\"https:\/\/adoring-bose.104-248-40-33.plesk.page\/wp-content\/uploads\/2026\/02\/Logo-1024x116.png\" class=\"attachment-large size-large wp-image-13\" alt=\"\" srcset=\"https:\/\/adoring-bose.104-248-40-33.plesk.page\/wp-content\/uploads\/2026\/02\/Logo-1024x116.png 1024w, https:\/\/adoring-bose.104-248-40-33.plesk.page\/wp-content\/uploads\/2026\/02\/Logo-300x34.png 300w, https:\/\/adoring-bose.104-248-40-33.plesk.page\/wp-content\/uploads\/2026\/02\/Logo-768x87.png 768w, https:\/\/adoring-bose.104-248-40-33.plesk.page\/wp-content\/uploads\/2026\/02\/Logo-1536x174.png 1536w, https:\/\/adoring-bose.104-248-40-33.plesk.page\/wp-content\/uploads\/2026\/02\/Logo-2048x232.png 2048w\" sizes=\"(max-width: 1024px) 100vw, 1024px\" \/>\t\t\t\t\t\t\t\t\t\t\t\t\t\t\t<\/div>\n\t\t\t\t<div class=\"elementor-element elementor-element-37bad30 elementor-widget elementor-widget-text-editor\" data-id=\"37bad30\" data-element_type=\"widget\" data-e-type=\"widget\" data-widget_type=\"text-editor.default\">\n\t\t\t\t\t\t\t\t\t<p>Azienda produttrice di bevande con sede in Italia, che offre consulenza sulle ricette, produzione di bevande, imbottigliamento e confezionamento, nonch\u00e9 servizi di conformit\u00e0 per marchi internazionali del settore delle bevande.<\/p>\t\t\t\t\t\t\t\t<\/div>\n\t\t<div class=\"elementor-element elementor-element-683ea07 e-con-full e-flex e-con e-child\" data-id=\"683ea07\" data-element_type=\"container\" data-e-type=\"container\" data-settings=\"{&quot;background_background&quot;:&quot;video&quot;,&quot;background_video_link&quot;:&quot;https:\\\/\\\/vimeo.com\\\/1172216785?share=copy&amp;fl=sv&amp;fe=ci&quot;,&quot;background_play_on_mobile&quot;:&quot;yes&quot;}\">\n\t\t<div class=\"elementor-background-video-container\">\n\t\t\t\t\t\t\t<div class=\"elementor-background-video-embed\" role=\"presentation\"><\/div>\n\t\t\t\t\t\t<\/div>\t\t<\/div>\n\t\t\t\t\t<\/div>\n\t\t\t\t<\/div>\n\t\t<div class=\"elementor-element elementor-element-13fd0a4 e-flex e-con-boxed e-con e-child\" data-id=\"13fd0a4\" data-element_type=\"container\" data-e-type=\"container\">\n\t\t\t\t\t<div class=\"e-con-inner\">\n\t\t<div class=\"elementor-element elementor-element-5d793df e-con-full e-flex e-con e-child\" data-id=\"5d793df\" data-element_type=\"container\" data-e-type=\"container\">\n\t\t\t\t<div class=\"elementor-element elementor-element-ecd7934 elementor-widget elementor-widget-text-editor\" data-id=\"ecd7934\" data-element_type=\"widget\" data-e-type=\"widget\" data-widget_type=\"text-editor.default\">\n\t\t\t\t\t\t\t\t\t<p>Bubble \u00e8 un co-produttore indipendente di bevande con sede in Piemonte, Italia. Dal 2019 sviluppiamo e produciamo bevande per aziende e marchi di ogni dimensione, unendo competenza tecnica e flessibilit\u00e0.<\/p>\t\t\t\t\t\t\t\t<\/div>\n\t\t\t\t<\/div>\n\t\t<div class=\"elementor-element elementor-element-4a454d5 e-con-full e-flex e-con e-child\" data-id=\"4a454d5\" data-element_type=\"container\" data-e-type=\"container\">\n\t\t\t\t<div class=\"elementor-element elementor-element-8242ed9 elementor-widget elementor-widget-text-editor\" data-id=\"8242ed9\" data-element_type=\"widget\" data-e-type=\"widget\" data-widget_type=\"text-editor.default\">\n\t\t\t\t\t\t\t\t\t<p>Il nostro stabilimento si estende su una superficie di 12.000 m\u00b2, con quattro linee di produzione e una capacit\u00e0 giornaliera fino a 300.000 unit\u00e0. Dalla miscelazione alla carbonatazione e al riempimento isobarico, ogni fase \u00e8 gestita con tecnologie avanzate per garantire qualit\u00e0, sicurezza e uniformit\u00e0. Oltre alla produzione, Bubble fornisce consulenza, progettazione del packaging e supporto alla conformit\u00e0 normativa, rendendo possibile trasformare un&#8217;idea in un prodotto pronto per il mercato, destinato alla distribuzione sia nazionale che internazionale.<\/p>\t\t\t\t\t\t\t\t<\/div>\n\t\t\t\t<\/div>\n\t\t\t\t\t<\/div>\n\t\t\t\t<\/div>\n\t\t\t\t<\/div>\n\t\t","protected":false},"excerpt":{"rendered":"<p>Azienda produttrice di bevande con sede in Italia, che offre consulenza sulle ricette, produzione di bevande, imbottigliamento e confezionamento, nonch\u00e9 servizi di conformit\u00e0 per marchi internazionali del settore delle bevande. Bubble \u00e8 un co-produttore indipendente di bevande con sede in Piemonte, Italia. Dal 2019 sviluppiamo e produciamo bevande per aziende e marchi di ogni dimensione, [&hellip;]<\/p>\n","protected":false},"author":1,"featured_media":0,"parent":0,"menu_order":0,"comment_status":"closed","ping_status":"closed","template":"elementor_header_footer","meta":{"footnotes":""},"class_list":["post-290","page","type-page","status-publish","hentry","entry"],"_links":{"self":[{"href":"https:\/\/adoring-bose.104-248-40-33.plesk.page\/index.php?rest_route=\/wp\/v2\/pages\/290","targetHints":{"allow":["GET"]}}],"collection":[{"href":"https:\/\/adoring-bose.104-248-40-33.plesk.page\/index.php?rest_route=\/wp\/v2\/pages"}],"about":[{"href":"https:\/\/adoring-bose.104-248-40-33.plesk.page\/index.php?rest_route=\/wp\/v2\/types\/page"}],"author":[{"embeddable":true,"href":"https:\/\/adoring-bose.104-248-40-33.plesk.page\/index.php?rest_route=\/wp\/v2\/users\/1"}],"replies":[{"embeddable":true,"href":"https:\/\/adoring-bose.104-248-40-33.plesk.page\/index.php?rest_route=%2Fwp%2Fv2%2Fcomments&post=290"}],"version-history":[{"count":44,"href":"https:\/\/adoring-bose.104-248-40-33.plesk.page\/index.php?rest_route=\/wp\/v2\/pages\/290\/revisions"}],"predecessor-version":[{"id":1418,"href":"https:\/\/adoring-bose.104-248-40-33.plesk.page\/index.php?rest_route=\/wp\/v2\/pages\/290\/revisions\/1418"}],"wp:attachment":[{"href":"https:\/\/adoring-bose.104-248-40-33.plesk.page\/index.php?rest_route=%2Fwp%2Fv2%2Fmedia&parent=290"}],"curies":[{"name":"wp","href":"https:\/\/api.w.org\/{rel}","templated":true}]}}